{"id":309,"date":"2016-07-12T14:08:01","date_gmt":"2016-07-12T12:08:01","guid":{"rendered":"https:\/\/www.dsiclub.info\/?page_id=309"},"modified":"2022-11-07T10:25:26","modified_gmt":"2022-11-07T10:25:26","slug":"dunbar-social-investors","status":"publish","type":"page","link":"https:\/\/www.dsiclub.info\/","title":{"rendered":"DunBar Social Investors"},"content":{"rendered":"<p>[et_pb_section fb_built=&#8221;1&#8243; _builder_version=&#8221;4.16&#8243; global_colors_info=&#8221;{}&#8221;][et_pb_row _builder_version=&#8221;4.19.0&#8243; _module_preset=&#8221;default&#8221;][et_pb_column _builder_version=&#8221;4.19.0&#8243; _module_preset=&#8221;default&#8221; type=&#8221;4_4&#8243;][et_pb_post_title _builder_version=&#8221;4.19.0&#8243; _module_preset=&#8221;default&#8221; hover_enabled=&#8221;0&#8243; sticky_enabled=&#8221;0&#8243; meta=&#8221;off&#8221;][\/et_pb_post_title][et_pb_text _builder_version=&#8221;4.19.0&#8243; _module_preset=&#8221;default&#8221; hover_enabled=&#8221;0&#8243; sticky_enabled=&#8221;0&#8243;]<\/p>\n<p>Il numero di Dunbar \u00e8 una quantificazione numerica del limite cognitivo teorico che concerne il numero di persone con cui un individuo \u00e8 in grado di mantenere relazioni sociali stabili, ossia relazioni nelle quali un individuo conosce l\u2019identit\u00e0 di ciascuna persona e come queste persone si relazionano con ognuna delle altre.<\/p>\n<p>Il numero \u00e8 stato introdotto dall\u2019antropologo britannico Robin Dunbar, il quale ha individuato una correlazione tra le dimensioni dell\u2019encefalo dei primati e quelle dei gruppi sociali degli stessi. In seguito, Dunbar applic\u00f2 la sua teoria usando le dimensioni medie dell\u2019encefalo umano: evincendolo dai risultati degli studi sui primati, giunse alla conclusione che gli esseri umani sono in grado di mantenere solo 150 relazioni sociali stabili.<\/p>\n<p>I sostenitori della teoria asseriscono che un numero di persone superiore a quello di Dunbar necessita di regole e norme pi\u00f9 restrittive per mantenere il gruppo stabile e coeso.<\/p>\n<p>Le stime sul valore del numero di Dunbar, in realt\u00e0, oscillano tra 100 e 250, ma l\u2019approssimazione adoperata di solito \u00e8 150. Il numero prende in considerazione solo le persone che un individuo conosce e con le quali \u00e8 effettivamente in contatto, escludendo meri conoscenti, nonch\u00e8 persone con le quali abbia interrotto i rapporti. Se fossero prese in considerazione queste ulteriori tipologie di relazioni sociali, il numero potrebbe essere molto pi\u00f9 alto e ci\u00f2, presumibilmente, dipenderebbe dalle dimensioni della memoria a lungo termine.<\/p>\n<p>Dunbar ha teorizzato che: \u201cquesto limite \u00e8 funzione diretta della dimensione relativa della neocorteccia, che a sua volta limita la dimensione del gruppo\u2026 Il limite imposto dalla capacit\u00e0 di elaborazione neocorticale riguarda il numero di individui con i quali pu\u00f2 essere mantenuta una relazione interpersonale stabile.\u201d Il numero include, ad esempio, soggetti come ex compagni di classe con i quali un individuo potrebbe essere interessato a rientrare in contatto.<\/p>\n<p>Nella cerchia sociale di ogni individuo esistono vari gruppi con diversi gradi di intimit\u00e0 e frequenza di contatto: dal gruppo pi\u00f9 intimo a quello pi\u00f9 allargato dei semplici conoscenti.<br \/>Secondo Dunbar l\u2019espansione delle cerchie avviene secondo un multiplo di 3-3,5: se il primo gruppo \u00e8 composto di 5 persone (i familiari pi\u00f9 stretti) il secondo gruppo sar\u00e0 composto di altre 10 persone (che sommate alle precedenti fa 15) e cos\u00ec via. Ecco un\u2019ipotesi di composizione di un gruppo sociale:<\/p>\n<p>I gruppo: max 5 persone con rapporti quotidiani (nucleo familiare)<\/p>\n<p>II gruppo: max 15 persone (compreso il gruppo precedente) con rapporti settimanali (parenti di 2\u00b0 grado e amici)<\/p>\n<p>III gruppo: max 50 persone (compreso il gruppo precedente) con rapporti mensili (amici)<\/p>\n<p>IV gruppo: max 150 persone (compreso il gruppo precedente) con rapporti annuali (amici e conoscenti)<\/p>\n<p>[\/et_pb_text][et_pb_image src=&#8221;https:\/\/www.dsiclub.info\/wp-content\/uploads\/2022\/11\/Il_circolo_delle_relazioni_sociali_DUNBAR.png&#8221; _builder_version=&#8221;4.19.0&#8243; _module_preset=&#8221;default&#8221; title_text=&#8221;Il_circolo_delle_relazioni_sociali_DUNBAR&#8221; hover_enabled=&#8221;0&#8243; sticky_enabled=&#8221;0&#8243; align=&#8221;center&#8221;][\/et_pb_image][et_pb_text _builder_version=&#8221;4.19.0&#8243; _module_preset=&#8221;default&#8221; hover_enabled=&#8221;0&#8243; sticky_enabled=&#8221;0&#8243;]<\/p>\n<p>Fonte: <a href=\"https:\/\/it.wikipedia.org\/wiki\/Numero_di_Dunbar\" target=\"_blank\" rel=\"noopener\" title=\"Numero di Dunbar\">Wikipedia<\/a><\/p>\n<p>[\/et_pb_text][\/et_pb_column][\/et_pb_row][\/et_pb_section]<\/p>\n","protected":false},"excerpt":{"rendered":"<p>Il numero di Dunbar \u00e8 una quantificazione numerica del limite cognitivo teorico che concerne il numero di persone con cui un individuo \u00e8 in grado di mantenere relazioni sociali stabili, ossia relazioni nelle quali un individuo conosce l\u2019identit\u00e0 di ciascuna persona e come queste persone si relazionano con ognuna delle altre. Il numero \u00e8 stato [&hellip;]<\/p>\n","protected":false},"author":1,"featured_media":0,"parent":0,"menu_order":0,"comment_status":"closed","ping_status":"closed","template":"","meta":{"_et_pb_use_builder":"on","_et_pb_old_content":"<p style=\"text-align: justify;\">Il numero di <a href=\"https:\/\/it.wikipedia.org\/wiki\/Numero_di_Dunbar\">Dunbar<\/a> \u00e8 una quantificazione numerica del limite cognitivo teorico che concerne il numero di persone con cui un individuo \u00e8 in grado di mantenere relazioni sociali stabili, ossia relazioni nelle quali un individuo conosce l'identit\u00e0 di ciascuna persona e come queste persone si relazionano con ognuna delle altre.<\/p>\n<p style=\"text-align: justify;\">Il numero \u00e8 stato introdotto dall'antropologo britannico Robin Dunbar, il quale ha individuato una correlazione tra le dimensioni dell'encefalo dei primati e quelle dei gruppi sociali degli stessi. In seguito, Dunbar applic\u00f2 la sua teoria usando le dimensioni medie dell'encefalo umano: evincendolo dai risultati degli studi sui primati, giunse alla conclusione che gli esseri umani sono in grado di mantenere solo 150 relazioni sociali stabili.<\/p>\n<p style=\"text-align: justify;\">I sostenitori della teoria asseriscono che un numero di persone superiore a quello di Dunbar necessita di regole e norme pi\u00f9 restrittive per mantenere il gruppo stabile e coeso.<\/p>\n<p style=\"text-align: justify;\">Le stime sul valore del numero di Dunbar, in realt\u00e0, oscillano tra 100 e 250, ma l'approssimazione adoperata di solito \u00e8 150. Il numero prende in considerazione solo le persone che un individuo conosce e con le quali \u00e8 effettivamente in contatto, escludendo meri conoscenti, nonch\u00e8 persone con le quali abbia interrotto i rapporti. Se fossero prese in considerazione queste ulteriori tipologie di relazioni sociali, il numero potrebbe essere molto pi\u00f9 alto e ci\u00f2, presumibilmente, dipenderebbe dalle dimensioni della memoria a lungo termine.<\/p>\n<p style=\"text-align: justify;\">Dunbar ha teorizzato che: \"questo limite \u00e8 funzione diretta della dimensione relativa della neocorteccia, che a sua volta limita la dimensione del gruppo... Il limite imposto dalla capacit\u00e0 di elaborazione neocorticale riguarda il numero di individui con i quali pu\u00f2 essere mantenuta una relazione interpersonale stabile.\" Il numero include, ad esempio, soggetti come ex compagni di classe con i quali un individuo potrebbe essere interessato a rientrare in contatto.<\/p>\n<p style=\"text-align: justify;\">Nella cerchia sociale di ogni individuo esistono vari gruppi con diversi gradi di intimit\u00e0 e frequenza di contatto: dal gruppo pi\u00f9 intimo a quello pi\u00f9 allargato dei semplici conoscenti.\nSecondo Dunbar l'espansione delle cerchie avviene secondo un multiplo di 3-3,5: se il primo gruppo \u00e8 composto di 5 persone (i familiari pi\u00f9 stretti) il secondo gruppo sar\u00e0 composto di altre 10 persone (che sommate alle precedenti fa 15) e cos\u00ec via. Ecco un'ipotesi di composizione di un gruppo sociale:<\/p>\n<p style=\"text-align: justify;\">I gruppo: max 5 persone con rapporti quotidiani (nucleo familiare)<\/p>\n<p style=\"text-align: justify;\">II gruppo: max 15 persone (compreso il gruppo precedente) con rapporti settimanali (parenti di 2\u00b0 grado e amici)<\/p>\n<p style=\"text-align: justify;\">III gruppo: max 50 persone (compreso il gruppo precedente) con rapporti mensili (amici)<\/p>\n<p style=\"text-align: justify;\">IV gruppo: max 150 persone (compreso il gruppo precedente) con rapporti annuali (amici e conoscenti)<\/p>\n<img class=\"aligncenter wp-image-377 size-full\" src=\"https:\/\/dsiclub.info\/wp-content\/uploads\/2016\/07\/Il_circolo_delle_relazioni_sociali_DUNBAR.png\" alt=\"Il_circolo_delle_relazioni_sociali_DUNBAR\" width=\"616\" height=\"436\">\n\n&nbsp;\n\nFonte: <a href=\"https:\/\/it.wikipedia.org\/wiki\/Numero_di_Dunbar\">Wikipedia<\/a>","_et_gb_content_width":"","footnotes":""},"class_list":["post-309","page","type-page","status-publish","hentry"],"_links":{"self":[{"href":"https:\/\/www.dsiclub.info\/index.php?rest_route=\/wp\/v2\/pages\/309","targetHints":{"allow":["GET"]}}],"collection":[{"href":"https:\/\/www.dsiclub.info\/index.php?rest_route=\/wp\/v2\/pages"}],"about":[{"href":"https:\/\/www.dsiclub.info\/index.php?rest_route=\/wp\/v2\/types\/page"}],"author":[{"embeddable":true,"href":"https:\/\/www.dsiclub.info\/index.php?rest_route=\/wp\/v2\/users\/1"}],"replies":[{"embeddable":true,"href":"https:\/\/www.dsiclub.info\/index.php?rest_route=%2Fwp%2Fv2%2Fcomments&post=309"}],"version-history":[{"count":3,"href":"https:\/\/www.dsiclub.info\/index.php?rest_route=\/wp\/v2\/pages\/309\/revisions"}],"predecessor-version":[{"id":612,"href":"https:\/\/www.dsiclub.info\/index.php?rest_route=\/wp\/v2\/pages\/309\/revisions\/612"}],"wp:attachment":[{"href":"https:\/\/www.dsiclub.info\/index.php?rest_route=%2Fwp%2Fv2%2Fmedia&parent=309"}],"curies":[{"name":"wp","href":"https:\/\/api.w.org\/{rel}","templated":true}]}}